{"id":127,"date":"2018-07-25T17:15:20","date_gmt":"2018-07-25T15:15:20","guid":{"rendered":"http:\/\/zl4you.de\/?page_id=127"},"modified":"2026-02-09T15:42:55","modified_gmt":"2026-02-09T14:42:55","slug":"127-2","status":"publish","type":"page","link":"https:\/\/zugleitung-duesseldorf.de\/index.php\/ueber-uns\/wer-wir-sind\/127-2\/","title":{"rendered":"F\u00f6rdermitglieder"},"content":{"rendered":"<p>&nbsp;<\/p>\n<table style=\"height: 1078px; width: 46.5526%;\" width=\"950\">\n<tbody>\n<tr style=\"height: 200px;\">\n<td style=\"width: 14.8936%; height: 200px; vertical-align: bottom;\"><img loading=\"lazy\" decoding=\"async\" class=\"alignnone size-medium wp-image-1182\" src=\"https:\/\/zugleitung-duesseldorf.de\/wp-content\/uploads\/2023\/01\/2023-ZL-Hoppeditz-Tom_Bauer-300x200.jpg\" alt=\"\" width=\"300\" height=\"200\" srcset=\"https:\/\/zugleitung-duesseldorf.de\/wp-content\/uploads\/2023\/01\/2023-ZL-Hoppeditz-Tom_Bauer-300x200.jpg 300w, https:\/\/zugleitung-duesseldorf.de\/wp-content\/uploads\/2023\/01\/2023-ZL-Hoppeditz-Tom_Bauer-768x513.jpg 768w, https:\/\/zugleitung-duesseldorf.de\/wp-content\/uploads\/2023\/01\/2023-ZL-Hoppeditz-Tom_Bauer.jpg 800w\" sizes=\"auto, (max-width: 300px) 100vw, 300px\" \/><\/td>\n<td style=\"width: 2.12766%; height: 200px; vertical-align: bottom;\"><\/td>\n<td style=\"width: 28.9362%; height: 200px; vertical-align: bottom;\"><strong> <span style=\"font-size: x-large;\">Tom Bauer<\/span><br \/>\n<\/strong><a href=\"https:\/\/www.xing.com\/profile\/Tom_Bauer159\/web_profiles\"><span style=\"font-size: 10pt;\">D\u00fcsseldorfer Hoppeditz<\/span><\/a><\/td>\n<td style=\"width: 3.82979%; height: 200px; vertical-align: bottom;\"><\/td>\n<td style=\"width: 15.1773%; height: 200px; vertical-align: bottom;\"><img loading=\"lazy\" decoding=\"async\" class=\"alignnone size-full wp-image-1184\" src=\"https:\/\/zugleitung-duesseldorf.de\/wp-content\/uploads\/2023\/01\/2023-ZL-Narrenkollgium_Logo.png\" alt=\"\" width=\"225\" height=\"225\" srcset=\"https:\/\/zugleitung-duesseldorf.de\/wp-content\/uploads\/2023\/01\/2023-ZL-Narrenkollgium_Logo.png 225w, https:\/\/zugleitung-duesseldorf.de\/wp-content\/uploads\/2023\/01\/2023-ZL-Narrenkollgium_Logo-150x150.png 150w\" sizes=\"auto, (max-width: 225px) 100vw, 225px\" \/><\/td>\n<td style=\"width: 2.12766%; height: 200px; vertical-align: bottom;\"><\/td>\n<td style=\"width: 31.018%; height: 200px; vertical-align: bottom;\"><span style=\"font-size: 18pt;\"><strong>Olaf Peterkau<\/strong><\/span><br \/>\n<a href=\"http:\/\/duesseldorfer-narrencollegium.de\"><span style=\"font-size: 10pt;\">KG Narrencolegium<\/span><\/a><\/td>\n<\/tr>\n<tr style=\"height: 22px;\">\n<td style=\"width: 14.8936%; vertical-align: bottom; height: 22px;\"><\/td>\n<td style=\"width: 2.12766%; vertical-align: bottom; height: 22px;\"><\/td>\n<td style=\"width: 28.9362%; vertical-align: bottom; height: 22px;\"><\/td>\n<td style=\"width: 3.82979%; vertical-align: bottom; height: 22px;\"><\/td>\n<td style=\"width: 15.1773%; vertical-align: bottom; height: 22px;\"><\/td>\n<td style=\"width: 2.12766%; vertical-align: bottom; height: 22px;\"><\/td>\n<td style=\"width: 31.018%; vertical-align: bottom; height: 22px;\"><\/td>\n<\/tr>\n<tr style=\"height: 194px;\">\n<td style=\"width: 14.8936%; vertical-align: bottom; height: 194px;\"><img loading=\"lazy\" decoding=\"async\" class=\"alignnone size-medium wp-image-1654\" src=\"https:\/\/zugleitung-duesseldorf.de\/wp-content\/uploads\/2026\/02\/Ehrengarde-296x300.jpeg\" alt=\"\" width=\"296\" height=\"300\" srcset=\"https:\/\/zugleitung-duesseldorf.de\/wp-content\/uploads\/2026\/02\/Ehrengarde-296x300.jpeg 296w, https:\/\/zugleitung-duesseldorf.de\/wp-content\/uploads\/2026\/02\/Ehrengarde-1010x1024.jpeg 1010w, https:\/\/zugleitung-duesseldorf.de\/wp-content\/uploads\/2026\/02\/Ehrengarde-768x779.jpeg 768w, https:\/\/zugleitung-duesseldorf.de\/wp-content\/uploads\/2026\/02\/Ehrengarde-1024x1038.jpeg 1024w, https:\/\/zugleitung-duesseldorf.de\/wp-content\/uploads\/2026\/02\/Ehrengarde-1065x1080.jpeg 1065w, https:\/\/zugleitung-duesseldorf.de\/wp-content\/uploads\/2026\/02\/Ehrengarde.jpeg 1144w\" sizes=\"auto, (max-width: 296px) 100vw, 296px\" \/><\/td>\n<td style=\"width: 2.12766%; vertical-align: bottom; height: 194px;\"><\/td>\n<td style=\"width: 28.9362%; vertical-align: bottom; height: 194px;\"><strong><span style=\"font-size: 18pt;\"> Helmut Becker<\/span><br \/>\n<\/strong><a href=\"https:\/\/www.rather-aape.de\"><span style=\"font-size: 10pt;\">Ehrengarde<\/span><\/a><\/td>\n<td style=\"width: 3.82979%; vertical-align: bottom; height: 194px;\"><\/td>\n<td style=\"width: 15.1773%; vertical-align: bottom; height: 194px;\"><img loading=\"lazy\" decoding=\"async\" class=\"alignleft size-thumbnail wp-image-634\" src=\"https:\/\/zugleitung-duesseldorf.de\/wp-content\/uploads\/2019\/01\/Stold-150x150.jpg\" alt=\"Holger Stold\" width=\"200\" height=\"200\" srcset=\"https:\/\/zugleitung-duesseldorf.de\/wp-content\/uploads\/2019\/01\/Stold-150x150.jpg 150w, https:\/\/zugleitung-duesseldorf.de\/wp-content\/uploads\/2019\/01\/Stold.jpg 200w\" sizes=\"auto, (max-width: 200px) 100vw, 200px\" \/><\/td>\n<td style=\"width: 2.12766%; vertical-align: bottom; height: 194px;\"><\/td>\n<td style=\"width: 31.018%; vertical-align: bottom; height: 194px;\"><strong> <span style=\"font-size: x-large;\">Holger Stold<br \/>\n<\/span><\/strong><span style=\"font-size: 10pt;\"><a href=\"http:\/\/www.duesseldorfer-ansichten.de\/\">D\u00fcsseldorfer Ansichten<\/a><\/span><\/td>\n<\/tr>\n<tr style=\"height: 22px;\">\n<td style=\"width: 14.8936%; vertical-align: bottom; height: 22px;\"><\/td>\n<td style=\"width: 2.12766%; vertical-align: bottom; height: 22px;\"><\/td>\n<td style=\"width: 28.9362%; vertical-align: bottom; height: 22px;\"><\/td>\n<td style=\"width: 3.82979%; vertical-align: bottom; height: 22px;\"><\/td>\n<td style=\"width: 15.1773%; vertical-align: bottom; height: 22px;\"><\/td>\n<td style=\"width: 2.12766%; vertical-align: bottom; height: 22px;\"><\/td>\n<td style=\"width: 31.018%; vertical-align: bottom; height: 22px;\"><\/td>\n<\/tr>\n<tr style=\"height: 22px;\">\n<td style=\"width: 14.8936%; vertical-align: bottom; height: 22px;\"><img loading=\"lazy\" decoding=\"async\" class=\"alignleft size-thumbnail wp-image-55\" src=\"https:\/\/zugleitung-duesseldorf.de\/wp-content\/uploads\/2018\/07\/FE-Profil-150x150.jpg\" alt=\"Frank Engels\" width=\"200\" height=\"200\" srcset=\"https:\/\/zugleitung-duesseldorf.de\/wp-content\/uploads\/2018\/07\/FE-Profil-150x150.jpg 150w, https:\/\/zugleitung-duesseldorf.de\/wp-content\/uploads\/2018\/07\/FE-Profil-300x300.jpg 300w, https:\/\/zugleitung-duesseldorf.de\/wp-content\/uploads\/2018\/07\/FE-Profil-768x768.jpg 768w, https:\/\/zugleitung-duesseldorf.de\/wp-content\/uploads\/2018\/07\/FE-Profil.jpg 960w\" sizes=\"auto, (max-width: 200px) 100vw, 200px\" \/><\/td>\n<td style=\"width: 2.12766%; vertical-align: bottom; height: 22px;\"><\/td>\n<td style=\"width: 28.9362%; vertical-align: bottom; height: 22px;\"><strong> <span style=\"font-size: x-large;\">Frank Engels<\/span><\/strong><br \/>\n<span style=\"font-size: 10pt;\"><a href=\"https:\/\/dus4you.de\">D\u00fcsseldorf 4 You<\/a><\/span><\/td>\n<td style=\"width: 3.82979%; vertical-align: bottom; height: 22px;\"><\/td>\n<td style=\"width: 15.1773%; vertical-align: bottom; height: 22px;\"><img loading=\"lazy\" decoding=\"async\" class=\"alignleft size-thumbnail wp-image-636\" src=\"https:\/\/zugleitung-duesseldorf.de\/wp-content\/uploads\/2019\/01\/schmitz-150x150.jpg\" alt=\"Hermann Schmitz \" width=\"200\" height=\"200\" srcset=\"https:\/\/zugleitung-duesseldorf.de\/wp-content\/uploads\/2019\/01\/schmitz-150x150.jpg 150w, https:\/\/zugleitung-duesseldorf.de\/wp-content\/uploads\/2019\/01\/schmitz.jpg 200w\" sizes=\"auto, (max-width: 200px) 100vw, 200px\" \/><\/td>\n<td style=\"width: 2.12766%; vertical-align: bottom; height: 22px;\"><\/td>\n<td style=\"width: 31.018%; height: 22px; vertical-align: bottom;\"><span style=\"font-size: x-large;\"><strong>Hermann Schmitz +18.08.2025<\/strong><\/span><br \/>\n<a href=\"https:\/\/unterrather-funken.de\/\"><span style=\"font-size: 10pt;\">KG Unterrather Funken Blau-Gelb<\/span><\/a><\/td>\n<\/tr>\n<tr style=\"height: 22px;\">\n<td style=\"width: 14.8936%; vertical-align: bottom; height: 22px;\"><\/td>\n<td style=\"width: 2.12766%; vertical-align: bottom; height: 22px;\"><\/td>\n<td style=\"width: 28.9362%; vertical-align: bottom; height: 22px;\"><\/td>\n<td style=\"width: 3.82979%; vertical-align: bottom; height: 22px;\"><\/td>\n<td style=\"width: 15.1773%; vertical-align: bottom; height: 22px;\"><\/td>\n<td style=\"width: 2.12766%; vertical-align: bottom; height: 22px;\"><\/td>\n<td style=\"width: 31.018%; vertical-align: bottom; height: 22px;\"><\/td>\n<\/tr>\n<tr style=\"height: 165px;\">\n<td style=\"width: 14.8936%; vertical-align: bottom; height: 165px;\"><img loading=\"lazy\" decoding=\"async\" class=\"alignleft size-thumbnail wp-image-635\" src=\"https:\/\/zugleitung-duesseldorf.de\/wp-content\/uploads\/2019\/01\/dummy200x200-150x150.jpg\" alt=\"Petra M\u00fchlenkamp\" width=\"200\" height=\"200\" srcset=\"https:\/\/zugleitung-duesseldorf.de\/wp-content\/uploads\/2019\/01\/dummy200x200-150x150.jpg 150w, https:\/\/zugleitung-duesseldorf.de\/wp-content\/uploads\/2019\/01\/dummy200x200.jpg 200w\" sizes=\"auto, (max-width: 200px) 100vw, 200px\" \/><\/td>\n<td style=\"width: 2.12766%; vertical-align: bottom; height: 165px;\"><\/td>\n<td style=\"width: 28.9362%; vertical-align: bottom; height: 165px;\"><strong><span style=\"font-size: x-large;\">Dirk Helmes<\/span><\/strong><\/td>\n<td style=\"width: 3.82979%; vertical-align: bottom; height: 165px;\"><\/td>\n<td style=\"width: 15.1773%; vertical-align: bottom; height: 165px;\"><img loading=\"lazy\" decoding=\"async\" class=\"alignleft size-thumbnail wp-image-629\" src=\"https:\/\/zugleitung-duesseldorf.de\/wp-content\/uploads\/2019\/01\/13087776_1170371856308480_2739343100888343670_n-150x150.jpg\" alt=\"Sebastian Thoene\" width=\"200\" height=\"200\" srcset=\"https:\/\/zugleitung-duesseldorf.de\/wp-content\/uploads\/2019\/01\/13087776_1170371856308480_2739343100888343670_n-150x150.jpg 150w, https:\/\/zugleitung-duesseldorf.de\/wp-content\/uploads\/2019\/01\/13087776_1170371856308480_2739343100888343670_n-300x300.jpg 300w, https:\/\/zugleitung-duesseldorf.de\/wp-content\/uploads\/2019\/01\/13087776_1170371856308480_2739343100888343670_n.jpg 634w\" sizes=\"auto, (max-width: 200px) 100vw, 200px\" \/><\/td>\n<td style=\"width: 2.12766%; vertical-align: bottom; height: 165px;\"><\/td>\n<td style=\"width: 31.018%; vertical-align: bottom; height: 165px;\"><span style=\"font-size: 10pt;\"><span style=\"font-size: 18pt;\"><strong>Sebastian Th\u00f6ne<\/strong><\/span><br \/>\n<span style=\"font-size: 8pt;\"><a href=\"https:\/\/abg1948.de\/\" target=\"_blank\" rel=\"noopener\">Altst\u00e4dter B\u00fcrger-Gesellschaft e. V.<\/a><\/span><\/span><\/td>\n<\/tr>\n<tr style=\"height: 22px;\">\n<td style=\"width: 14.8936%; vertical-align: bottom; height: 22px;\"><\/td>\n<td style=\"width: 2.12766%; vertical-align: bottom; height: 22px;\"><\/td>\n<td style=\"width: 28.9362%; vertical-align: bottom; height: 22px;\"><\/td>\n<td style=\"width: 3.82979%; vertical-align: bottom; height: 22px;\"><\/td>\n<td style=\"width: 15.1773%; vertical-align: bottom; height: 22px;\"><\/td>\n<td style=\"width: 2.12766%; vertical-align: bottom; height: 22px;\"><\/td>\n<td style=\"width: 31.018%; vertical-align: bottom; height: 22px;\"><\/td>\n<\/tr>\n<tr style=\"height: 165px;\">\n<td style=\"width: 14.8936%; vertical-align: bottom; height: 165px;\"><img loading=\"lazy\" decoding=\"async\" class=\"alignnone size-medium wp-image-1187\" src=\"https:\/\/zugleitung-duesseldorf.de\/wp-content\/uploads\/2023\/01\/2023-ZL-Blau_Weiss_Buederrich_Logo-285x300.jpg\" alt=\"\" width=\"285\" height=\"300\" srcset=\"https:\/\/zugleitung-duesseldorf.de\/wp-content\/uploads\/2023\/01\/2023-ZL-Blau_Weiss_Buederrich_Logo-285x300.jpg 285w, https:\/\/zugleitung-duesseldorf.de\/wp-content\/uploads\/2023\/01\/2023-ZL-Blau_Weiss_Buederrich_Logo.jpg 556w\" sizes=\"auto, (max-width: 285px) 100vw, 285px\" \/><\/td>\n<td style=\"width: 2.12766%; vertical-align: bottom; height: 165px;\"><\/td>\n<td style=\"width: 28.9362%; vertical-align: bottom; height: 165px;\"><strong> <span style=\"font-size: x-large;\">Petra M\u00fchlenkamp<\/span><br \/>\n<\/strong><a href=\"https:\/\/www.kg-blau-weiss-buederich-1958.de\"><span style=\"font-size: 10pt;\">KG Blau-Weiss B\u00fcderrich<\/span><\/a><\/td>\n<td style=\"width: 3.82979%; vertical-align: bottom; height: 165px;\"><\/td>\n<td style=\"width: 15.1773%; vertical-align: bottom; height: 165px;\"><img loading=\"lazy\" decoding=\"async\" class=\"alignleft size-thumbnail wp-image-635\" src=\"https:\/\/zugleitung-duesseldorf.de\/wp-content\/uploads\/2019\/01\/dummy200x200-150x150.jpg\" alt=\"W. Weisenbach\" width=\"200\" height=\"200\" srcset=\"https:\/\/zugleitung-duesseldorf.de\/wp-content\/uploads\/2019\/01\/dummy200x200-150x150.jpg 150w, https:\/\/zugleitung-duesseldorf.de\/wp-content\/uploads\/2019\/01\/dummy200x200.jpg 200w\" sizes=\"auto, (max-width: 200px) 100vw, 200px\" \/><\/td>\n<td style=\"width: 2.12766%; vertical-align: bottom; height: 165px;\"><\/td>\n<td style=\"width: 31.018%; vertical-align: bottom; height: 165px;\"><span style=\"font-size: 18pt;\"><strong>W. Weisenbach<\/strong><\/span><br \/>\n<a href=\"http:\/\/www.grosse1890.de\"><span style=\"font-size: 10pt;\">KG Gro\u00dfe<\/span><\/a><\/td>\n<\/tr>\n<tr style=\"height: 22px;\">\n<td style=\"width: 14.8936%; vertical-align: bottom; height: 22px;\"><\/td>\n<td style=\"width: 2.12766%; vertical-align: bottom; height: 22px;\"><\/td>\n<td style=\"width: 28.9362%; vertical-align: bottom; height: 22px;\"><\/td>\n<td style=\"width: 3.82979%; vertical-align: bottom; height: 22px;\"><\/td>\n<td style=\"width: 15.1773%; vertical-align: bottom; height: 22px;\"><\/td>\n<td style=\"width: 2.12766%; vertical-align: bottom; height: 22px;\"><\/td>\n<td style=\"width: 31.018%; vertical-align: bottom; height: 22px;\"><\/td>\n<\/tr>\n<tr style=\"height: 191px;\">\n<td style=\"width: 14.8936%; vertical-align: bottom; height: 191px;\"><img loading=\"lazy\" decoding=\"async\" class=\"alignnone size-medium wp-image-1654\" src=\"https:\/\/zugleitung-duesseldorf.de\/wp-content\/uploads\/2026\/02\/Ehrengarde-296x300.jpeg\" alt=\"\" width=\"296\" height=\"300\" srcset=\"https:\/\/zugleitung-duesseldorf.de\/wp-content\/uploads\/2026\/02\/Ehrengarde-296x300.jpeg 296w, https:\/\/zugleitung-duesseldorf.de\/wp-content\/uploads\/2026\/02\/Ehrengarde-1010x1024.jpeg 1010w, https:\/\/zugleitung-duesseldorf.de\/wp-content\/uploads\/2026\/02\/Ehrengarde-768x779.jpeg 768w, https:\/\/zugleitung-duesseldorf.de\/wp-content\/uploads\/2026\/02\/Ehrengarde-1024x1038.jpeg 1024w, https:\/\/zugleitung-duesseldorf.de\/wp-content\/uploads\/2026\/02\/Ehrengarde-1065x1080.jpeg 1065w, https:\/\/zugleitung-duesseldorf.de\/wp-content\/uploads\/2026\/02\/Ehrengarde.jpeg 1144w\" sizes=\"auto, (max-width: 296px) 100vw, 296px\" \/><\/td>\n<td style=\"width: 2.12766%; vertical-align: bottom; height: 191px;\"><\/td>\n<td style=\"width: 28.9362%; vertical-align: bottom; height: 191px;\"><span style=\"font-size: 18pt;\"><strong>Armin Neeten<\/strong><\/span><br \/>\n<a href=\"https:\/\/www.rather-aape.de\"><span style=\"font-size: 10pt;\">Ehrengarde<\/span><\/a><\/td>\n<td style=\"width: 3.82979%; vertical-align: bottom; height: 191px;\"><\/td>\n<td style=\"width: 15.1773%; vertical-align: bottom; height: 191px;\"><a href=\"http:\/\/www,heimathafenduesseldorf.de\"><img loading=\"lazy\" decoding=\"async\" class=\"alignnone size-medium wp-image-1180\" src=\"https:\/\/zugleitung-duesseldorf.de\/wp-content\/uploads\/2023\/01\/2022-D4Y-Heimathafen-2-300x255.jpg\" alt=\"\" width=\"300\" height=\"255\" srcset=\"https:\/\/zugleitung-duesseldorf.de\/wp-content\/uploads\/2023\/01\/2022-D4Y-Heimathafen-2-300x255.jpg 300w, https:\/\/zugleitung-duesseldorf.de\/wp-content\/uploads\/2023\/01\/2022-D4Y-Heimathafen-2-1024x870.jpg 1024w, https:\/\/zugleitung-duesseldorf.de\/wp-content\/uploads\/2023\/01\/2022-D4Y-Heimathafen-2-768x653.jpg 768w, https:\/\/zugleitung-duesseldorf.de\/wp-content\/uploads\/2023\/01\/2022-D4Y-Heimathafen-2-1536x1305.jpg 1536w, https:\/\/zugleitung-duesseldorf.de\/wp-content\/uploads\/2023\/01\/2022-D4Y-Heimathafen-2-2048x1741.jpg 2048w\" sizes=\"auto, (max-width: 300px) 100vw, 300px\" \/><\/a><\/td>\n<td style=\"width: 2.12766%; vertical-align: bottom; height: 191px;\"><\/td>\n<td style=\"width: 31.018%; vertical-align: bottom; height: 191px;\"><span style=\"font-size: 14pt;\"><strong>Valentino Bilotta\u00a0<\/strong><\/span><br \/>\n<a href=\"http:\/\/www.heimathafenduesseldorf.de\"><span style=\"font-size: 10pt;\">www.heimathafenduesseldorf.de<\/span><\/a><\/td>\n<\/tr>\n<tr style=\"height: 22px;\">\n<td style=\"width: 14.8936%; vertical-align: bottom; height: 31px;\"><\/td>\n<td style=\"width: 2.12766%; vertical-align: bottom; height: 31px;\"><\/td>\n<td style=\"width: 28.9362%; vertical-align: bottom; height: 31px;\"><span style=\"font-size: 14pt;\"><strong>Mario Pitsch<\/strong><\/span><\/p>\n<p>&nbsp;<\/p>\n<p>&nbsp;<\/td>\n<td style=\"width: 3.82979%; vertical-align: bottom; height: 31px;\"><\/td>\n<td style=\"width: 15.1773%; vertical-align: bottom; height: 31px;\"><\/td>\n<td style=\"width: 2.12766%; vertical-align: bottom; height: 31px;\"><\/td>\n<td style=\"width: 31.018%; vertical-align: bottom; height: 31px;\">&nbsp;<\/p>\n<p><strong><span style=\"font-size: 14pt;\">Hans-Dieter Caspers<\/span><\/strong><\/p>\n<p>&nbsp;<\/p>\n<p>&nbsp;<\/td>\n<\/tr>\n<\/tbody>\n<\/table>\n<p>&nbsp;<\/p>\n<p>&nbsp;<\/p>\n<p>&nbsp;<\/p>\n","protected":false},"excerpt":{"rendered":"<p>&nbsp; Tom Bauer D\u00fcsseldorfer Hoppeditz Olaf Peterkau KG Narrencolegium Helmut Becker Ehrengarde Holger Stold D\u00fcsseldorfer Ansichten Frank Engels D\u00fcsseldorf 4 You Hermann Schmitz +18.08.2025 KG Unterrather Funken Blau-Gelb Dirk Helmes Sebastian Th\u00f6ne Altst\u00e4dter B\u00fcrger-Gesellschaft e. V. Petra M\u00fchlenkamp KG Blau-Weiss B\u00fcderrich W. Weisenbach KG Gro\u00dfe Armin Neeten Ehrengarde Valentino Bilotta\u00a0 www.heimathafenduesseldorf.de Mario Pitsch &nbsp; &nbsp;&hellip; <br \/> <a class=\"button small blue\" href=\"https:\/\/zugleitung-duesseldorf.de\/index.php\/ueber-uns\/wer-wir-sind\/127-2\/\">Weiterlesen<\/a><\/p>\n","protected":false},"author":2,"featured_media":0,"parent":53,"menu_order":1,"comment_status":"closed","ping_status":"closed","template":"","meta":{"footnotes":""},"categories":[5],"tags":[],"class_list":["post-127","page","type-page","status-publish","has-post-thumbnail","hentry","category-ueber-uns"],"_links":{"self":[{"href":"https:\/\/zugleitung-duesseldorf.de\/index.php\/wp-json\/wp\/v2\/pages\/127","targetHints":{"allow":["GET"]}}],"collection":[{"href":"https:\/\/zugleitung-duesseldorf.de\/index.php\/wp-json\/wp\/v2\/pages"}],"about":[{"href":"https:\/\/zugleitung-duesseldorf.de\/index.php\/wp-json\/wp\/v2\/types\/page"}],"author":[{"embeddable":true,"href":"https:\/\/zugleitung-duesseldorf.de\/index.php\/wp-json\/wp\/v2\/users\/2"}],"replies":[{"embeddable":true,"href":"https:\/\/zugleitung-duesseldorf.de\/index.php\/wp-json\/wp\/v2\/comments?post=127"}],"version-history":[{"count":26,"href":"https:\/\/zugleitung-duesseldorf.de\/index.php\/wp-json\/wp\/v2\/pages\/127\/revisions"}],"predecessor-version":[{"id":1655,"href":"https:\/\/zugleitung-duesseldorf.de\/index.php\/wp-json\/wp\/v2\/pages\/127\/revisions\/1655"}],"up":[{"embeddable":true,"href":"https:\/\/zugleitung-duesseldorf.de\/index.php\/wp-json\/wp\/v2\/pages\/53"}],"wp:attachment":[{"href":"https:\/\/zugleitung-duesseldorf.de\/index.php\/wp-json\/wp\/v2\/media?parent=127"}],"wp:term":[{"taxonomy":"category","embeddable":true,"href":"https:\/\/zugleitung-duesseldorf.de\/index.php\/wp-json\/wp\/v2\/categories?post=127"},{"taxonomy":"post_tag","embeddable":true,"href":"https:\/\/zugleitung-duesseldorf.de\/index.php\/wp-json\/wp\/v2\/tags?post=127"}],"curies":[{"name":"wp","href":"https:\/\/api.w.org\/{rel}","templated":true}]}}