{"id":206,"date":"2018-07-26T09:03:45","date_gmt":"2018-07-26T07:03:45","guid":{"rendered":"http:\/\/zl4you.de\/?page_id=206"},"modified":"2025-02-18T16:59:23","modified_gmt":"2025-02-18T15:59:23","slug":"aufstellbereich","status":"publish","type":"page","link":"https:\/\/zugleitung-duesseldorf.de\/index.php\/rosenmontag\/aufstellbereich\/","title":{"rendered":"Zugbegleiter und\/oder Wagenengel &#8211; RoMo 2025 zum Dowbload&#8230;"},"content":{"rendered":"<p><a href=\"https:\/\/zugleitung-duesseldorf.de\/wp-content\/uploads\/2025\/02\/03-Zugbegleiter.pdf\">03 Zugbegleiter<\/a><\/p>\n<p>F\u00fcr die Richtigkeit wird keine Gew\u00e4hr \u00fcbernommen. Es k\u00f6nnen noch Ver\u00e4nderungen stattfinden.<br \/>\nBitte schauen Sie regelm\u00e4\u00dfig hier rein.<\/p>\n<p>&nbsp;<\/p>\n","protected":false},"excerpt":{"rendered":"<p>03 Zugbegleiter F\u00fcr die Richtigkeit wird keine Gew\u00e4hr \u00fcbernommen. Es k\u00f6nnen noch Ver\u00e4nderungen stattfinden. Bitte schauen Sie regelm\u00e4\u00dfig hier rein. &nbsp;<\/p>\n","protected":false},"author":2,"featured_media":1183,"parent":197,"menu_order":1,"comment_status":"closed","ping_status":"closed","template":"","meta":{"footnotes":""},"categories":[7],"tags":[],"class_list":["post-206","page","type-page","status-publish","has-post-thumbnail","hentry","category-rosenmontag"],"_links":{"self":[{"href":"https:\/\/zugleitung-duesseldorf.de\/index.php\/wp-json\/wp\/v2\/pages\/206","targetHints":{"allow":["GET"]}}],"collection":[{"href":"https:\/\/zugleitung-duesseldorf.de\/index.php\/wp-json\/wp\/v2\/pages"}],"about":[{"href":"https:\/\/zugleitung-duesseldorf.de\/index.php\/wp-json\/wp\/v2\/types\/page"}],"author":[{"embeddable":true,"href":"https:\/\/zugleitung-duesseldorf.de\/index.php\/wp-json\/wp\/v2\/users\/2"}],"replies":[{"embeddable":true,"href":"https:\/\/zugleitung-duesseldorf.de\/index.php\/wp-json\/wp\/v2\/comments?post=206"}],"version-history":[{"count":17,"href":"https:\/\/zugleitung-duesseldorf.de\/index.php\/wp-json\/wp\/v2\/pages\/206\/revisions"}],"predecessor-version":[{"id":1484,"href":"https:\/\/zugleitung-duesseldorf.de\/index.php\/wp-json\/wp\/v2\/pages\/206\/revisions\/1484"}],"up":[{"embeddable":true,"href":"https:\/\/zugleitung-duesseldorf.de\/index.php\/wp-json\/wp\/v2\/pages\/197"}],"wp:featuredmedia":[{"embeddable":true,"href":"https:\/\/zugleitung-duesseldorf.de\/index.php\/wp-json\/wp\/v2\/media\/1183"}],"wp:attachment":[{"href":"https:\/\/zugleitung-duesseldorf.de\/index.php\/wp-json\/wp\/v2\/media?parent=206"}],"wp:term":[{"taxonomy":"category","embeddable":true,"href":"https:\/\/zugleitung-duesseldorf.de\/index.php\/wp-json\/wp\/v2\/categories?post=206"},{"taxonomy":"post_tag","embeddable":true,"href":"https:\/\/zugleitung-duesseldorf.de\/index.php\/wp-json\/wp\/v2\/tags?post=206"}],"curies":[{"name":"wp","href":"https:\/\/api.w.org\/{rel}","templated":true}]}}