{"id":273,"date":"2018-07-26T10:24:45","date_gmt":"2018-07-26T08:24:45","guid":{"rendered":"http:\/\/zl4you.de\/?page_id=273"},"modified":"2025-02-18T17:08:09","modified_gmt":"2025-02-18T16:08:09","slug":"bagagewagenfahrer","status":"publish","type":"page","link":"https:\/\/zugleitung-duesseldorf.de\/index.php\/rosenmontag\/info-teilnehmer\/bagagewagenfahrer\/","title":{"rendered":"Bagagewagenfahrer 2025 zum Download&#8230;"},"content":{"rendered":"<p>Hier\u00a0 die wichtigen Infos f\u00fcr die Fahrer der Bagagewagenfahrer.<\/p>\n<p><a href=\"https:\/\/zugleitung-duesseldorf.de\/wp-content\/uploads\/2025\/02\/Bagagewagen-1.pdf\">Bagagewagen-1<\/a><br \/>\n<a href=\"https:\/\/zugleitung-duesseldorf.de\/wp-content\/uploads\/2025\/02\/Bagagewagen-2.pdf\">Bagagewagen-2<\/a><\/p>\n<p>F\u00fcr die Richtigkeit \u00fcbernehmen wir keine Gew\u00e4hr. Es kann sich immer wieder was ver\u00e4ndern und wir bitten diese Seite regelm\u00e4\u00dfig zu besuchen.<\/p>\n","protected":false},"excerpt":{"rendered":"<p>Hier\u00a0 die wichtigen Infos f\u00fcr die Fahrer der Bagagewagenfahrer. Bagagewagen-1 Bagagewagen-2 F\u00fcr die Richtigkeit \u00fcbernehmen wir keine Gew\u00e4hr. Es kann sich immer wieder was ver\u00e4ndern und wir bitten diese Seite regelm\u00e4\u00dfig zu besuchen.<\/p>\n","protected":false},"author":2,"featured_media":477,"parent":254,"menu_order":4,"comment_status":"closed","ping_status":"closed","template":"","meta":{"footnotes":""},"categories":[7],"tags":[],"class_list":["post-273","page","type-page","status-publish","has-post-thumbnail","hentry","category-rosenmontag"],"_links":{"self":[{"href":"https:\/\/zugleitung-duesseldorf.de\/index.php\/wp-json\/wp\/v2\/pages\/273","targetHints":{"allow":["GET"]}}],"collection":[{"href":"https:\/\/zugleitung-duesseldorf.de\/index.php\/wp-json\/wp\/v2\/pages"}],"about":[{"href":"https:\/\/zugleitung-duesseldorf.de\/index.php\/wp-json\/wp\/v2\/types\/page"}],"author":[{"embeddable":true,"href":"https:\/\/zugleitung-duesseldorf.de\/index.php\/wp-json\/wp\/v2\/users\/2"}],"replies":[{"embeddable":true,"href":"https:\/\/zugleitung-duesseldorf.de\/index.php\/wp-json\/wp\/v2\/comments?post=273"}],"version-history":[{"count":9,"href":"https:\/\/zugleitung-duesseldorf.de\/index.php\/wp-json\/wp\/v2\/pages\/273\/revisions"}],"predecessor-version":[{"id":1490,"href":"https:\/\/zugleitung-duesseldorf.de\/index.php\/wp-json\/wp\/v2\/pages\/273\/revisions\/1490"}],"up":[{"embeddable":true,"href":"https:\/\/zugleitung-duesseldorf.de\/index.php\/wp-json\/wp\/v2\/pages\/254"}],"wp:featuredmedia":[{"embeddable":true,"href":"https:\/\/zugleitung-duesseldorf.de\/index.php\/wp-json\/wp\/v2\/media\/477"}],"wp:attachment":[{"href":"https:\/\/zugleitung-duesseldorf.de\/index.php\/wp-json\/wp\/v2\/media?parent=273"}],"wp:term":[{"taxonomy":"category","embeddable":true,"href":"https:\/\/zugleitung-duesseldorf.de\/index.php\/wp-json\/wp\/v2\/categories?post=273"},{"taxonomy":"post_tag","embeddable":true,"href":"https:\/\/zugleitung-duesseldorf.de\/index.php\/wp-json\/wp\/v2\/tags?post=273"}],"curies":[{"name":"wp","href":"https:\/\/api.w.org\/{rel}","templated":true}]}}