{"id":276,"date":"2018-07-26T10:26:11","date_gmt":"2018-07-26T08:26:11","guid":{"rendered":"http:\/\/zl4you.de\/?page_id=276"},"modified":"2024-02-03T14:36:24","modified_gmt":"2024-02-03T13:36:24","slug":"busfahrer","status":"publish","type":"page","link":"https:\/\/zugleitung-duesseldorf.de\/index.php\/rosenmontag\/info-teilnehmer\/busfahrer\/","title":{"rendered":"Busfahrer 2024 zum Download&#8230;"},"content":{"rendered":"<p>Hier wichtige Informationen f\u00fcr die Busfahrer.<\/p>\n<p><a href=\"https:\/\/zugleitung-duesseldorf.de\/wp-content\/uploads\/2024\/02\/Busfahrer.pdf\" target=\"_blank\" rel=\"noopener\">Busfahrer<\/a><\/p>\n<p>F\u00fcr die Richtigkeit wird keine Gew\u00e4hr \u00fcbernommen. Es k\u00f6nnen noch Ver\u00e4nderungen stattfinden.<br \/>\nBitte schaut regelm\u00e4\u00dfig hier rein.<\/p>\n","protected":false},"excerpt":{"rendered":"<p>Hier wichtige Informationen f\u00fcr die Busfahrer. Busfahrer F\u00fcr die Richtigkeit wird keine Gew\u00e4hr \u00fcbernommen. Es k\u00f6nnen noch Ver\u00e4nderungen stattfinden. Bitte schaut regelm\u00e4\u00dfig hier rein.<\/p>\n","protected":false},"author":2,"featured_media":477,"parent":254,"menu_order":5,"comment_status":"closed","ping_status":"closed","template":"","meta":{"footnotes":""},"categories":[7],"tags":[],"class_list":["post-276","page","type-page","status-publish","has-post-thumbnail","hentry","category-rosenmontag"],"_links":{"self":[{"href":"https:\/\/zugleitung-duesseldorf.de\/index.php\/wp-json\/wp\/v2\/pages\/276","targetHints":{"allow":["GET"]}}],"collection":[{"href":"https:\/\/zugleitung-duesseldorf.de\/index.php\/wp-json\/wp\/v2\/pages"}],"about":[{"href":"https:\/\/zugleitung-duesseldorf.de\/index.php\/wp-json\/wp\/v2\/types\/page"}],"author":[{"embeddable":true,"href":"https:\/\/zugleitung-duesseldorf.de\/index.php\/wp-json\/wp\/v2\/users\/2"}],"replies":[{"embeddable":true,"href":"https:\/\/zugleitung-duesseldorf.de\/index.php\/wp-json\/wp\/v2\/comments?post=276"}],"version-history":[{"count":8,"href":"https:\/\/zugleitung-duesseldorf.de\/index.php\/wp-json\/wp\/v2\/pages\/276\/revisions"}],"predecessor-version":[{"id":1376,"href":"https:\/\/zugleitung-duesseldorf.de\/index.php\/wp-json\/wp\/v2\/pages\/276\/revisions\/1376"}],"up":[{"embeddable":true,"href":"https:\/\/zugleitung-duesseldorf.de\/index.php\/wp-json\/wp\/v2\/pages\/254"}],"wp:featuredmedia":[{"embeddable":true,"href":"https:\/\/zugleitung-duesseldorf.de\/index.php\/wp-json\/wp\/v2\/media\/477"}],"wp:attachment":[{"href":"https:\/\/zugleitung-duesseldorf.de\/index.php\/wp-json\/wp\/v2\/media?parent=276"}],"wp:term":[{"taxonomy":"category","embeddable":true,"href":"https:\/\/zugleitung-duesseldorf.de\/index.php\/wp-json\/wp\/v2\/categories?post=276"},{"taxonomy":"post_tag","embeddable":true,"href":"https:\/\/zugleitung-duesseldorf.de\/index.php\/wp-json\/wp\/v2\/tags?post=276"}],"curies":[{"name":"wp","href":"https:\/\/api.w.org\/{rel}","templated":true}]}}