{"id":51,"date":"2018-07-25T12:53:32","date_gmt":"2018-07-25T10:53:32","guid":{"rendered":"http:\/\/zl4you.de\/?page_id=51"},"modified":"2019-02-01T09:52:05","modified_gmt":"2019-02-01T08:52:05","slug":"aufgaben","status":"publish","type":"page","link":"https:\/\/zugleitung-duesseldorf.de\/index.php\/ueber-uns\/aufgaben\/","title":{"rendered":"Aufgaben"},"content":{"rendered":"<p>Eine der h\u00e4ufigsten Fragen bez\u00fcglich der Zugleitung im Freundes- und Bekanntenkreis lautet: &#8222;Was macht die Zugleitung denn \u00fcberhaupt?&#8220;<br \/>\nWir haben nichts mit den Z\u00fcgen der Deutschen Bahn oder Lastz\u00fcgen zu tun.<\/p>\n<p>Unsere Aufgaben beziehen sich auch nicht ausschlie\u00dflich auf den Rosenmontagszug im D\u00fcsseldorfer Karneval! Zum Beispiel beim NRW-Fest 2007 in D\u00fcsseldorf wie auch 2008 in Wuppertal wurde der Umzug ma\u00dfgeblich von der Zugleitung-D\u00fcsseldorf geleitet! Die Erfahrung von mehr als 45 Jahren wurde wieder einmal mit gro\u00dfem Erfolg eingebracht. Wen wundert es, dass daher der Regierungspr\u00e4sident und die Staatskanzlei NRW seit dem auf unsere Mitwirkung f\u00fcr die NRW-Feste im Land nicht verzichten m\u00f6chten?! &#8211;<\/p>\n<p>Da die Frage nach dem Aufgabengebiet der Zugleitung-D\u00fcsseldorf zumindest f\u00fcr Au\u00dfenstehende \u00e4u\u00dferst interessant zu sein scheint, werden wir diese hier m\u00f6glichst ausf\u00fchrlich beantworten, beginnend mit dem Zeitraum nach den Sommerferien&#8230;<\/p>\n<p>Das Motto der neuen Session steht fest, und die Zeichner in den Vereinen machen sich an die Entw\u00fcrfe f\u00fcr den Rosenmontagswagen. Hierbei sollen sich die Vereine m\u00f6glichst an das Motto halten, von Ausnahmen abgesehen. Eine Ausnahme w\u00e4re z.B. ein Jubil\u00e4umsjahr des Vereines. Die Zeichnungen (Entw\u00fcrfe) m\u00fcssen bis zu einem bestimmten Stichtag beim Comitee D\u00fcsseldorfer Carneval ( CDC ) eingereicht sein. Nach dem also der Entwurf fertig ist, beginnen die Wagenbauer mit ihrem Werk. Die Plateauwagen sind i.d.Regel Eigentum des Vereins. Sie haben gewisse feste Aufbauten, die f\u00fcr alle Jahre der Nutzung nicht ver\u00e4ndert werden, und stehen an ihren gewohnten Pl\u00e4tzen in der Wagenbauhalle, die die Zugleitung bereits dorthin platziert hat.<\/p>\n<p>Die ZL achtet darauf, dass ausreichender Platz zum Nachbarwagen vorhanden ist, damit dieser nicht w\u00e4hrend und nach der Bauphase durch Baumaterial oder Begehungen besch\u00e4digt wird. Dabei wird auch bei den zwanglosen &#8222;Kontrollg\u00e4ngen&#8220; der ZL durch die G\u00e4nge ein Blick auf das Fahrzeug geworfen, um evtl. pl\u00f6tzlich aufgetretene Sch\u00e4den zu erkennen und an die Wagenbauer zu melden. Diese so genannten Kontrollg\u00e4nge sind keine Pflichten, aber es hat sich schon des \u00d6fteren in der Vergangenheit gezeigt, dass unregelm\u00e4\u00dfige Kontrollg\u00e4nge Probleme im Vorfeld vermeiden helfen.<br \/>\nEbenfalls wichtig ist die \u00dcberpr\u00fcfung der Ma\u00dfe f\u00fcr den Rosenmontagswagen. Dabei ist die maximale Breite eben so wichtig wie die H\u00f6he, da die Wegstrecke auch unter Br\u00fccken und Oberleitungen der Stra\u00dfenbahn her f\u00fchrt. schmale Stra\u00dfen erschweren zus\u00e4tzlich die Planung. Die Sicherheit der auf dem Wagen befindlichen Personen hat h\u00f6chste Priorit\u00e4t! In Zusammenarbeit mit dem Wagenbauleiter geschieht die \u00dcberpr\u00fcfung der Bauma\u00dfe i.d.Regel schnell und unkompliziert.<\/p>\n<p>Nach dem die Reihenfolge der Rosenmontagswagen von einem Gremium festgelegt wurde &#8211; lediglich der Prinzenwagen mit seinen beiden Garden hat immer die gleiche Zugnummer &#8211; m\u00fcssen die Wagen so gestellt werden, dass am Rosenmontag die Wagen mit einem minimalen Zeitaufwand aus der Halle gezogen werden k\u00f6nnen. Der Faktor Zeit spielt eine gro\u00dfe Rolle an dem &#8222;h\u00f6chsten Feiertag der Karnevalisten&#8220;. Dazu werden in den letzten Tagen vor Rosenmontag fast alle Wagen aus der Halle gezogen, um dann nach einem ausget\u00fcftelten Plan auf dem richtigen Standplatz zu landen, ein Zeitaufwand von manchmal 16 Stunden und mehr. Hierbei und bei vielen anderen Dingen nutzen wir die M\u00f6glichkeiten der EDV.<\/p>\n<p>Rosenmontag ist f\u00fcr alle Mitglieder der Zugleitung &#8222;Gro\u00dfkampftag&#8220;. Der Tag beginnt i.d. Regel um 6.oo Uhr mit einem gemeinsamen Fr\u00fchst\u00fcck und dem anschlie\u00dfenden, letzten Studium der Einsatzpl\u00e4ne. Evtl. letzte \u00c4nderungen werden besprochen. Jedes Mitglied der Zugleitung hat sein Aufgabengebiet. So werden dann die Tore zum Gel\u00e4nde besetzt, damit auch nur Personen an die Wagen gelangen, die auch dort hin geh\u00f6ren und ihre Aufgaben des Vereins wahrnehmen k\u00f6nnen. Die Trecker m\u00fcssen gesammelt werden und nach Plan an die Rosenmontagswagen angehangen werden. Die Ausgabe der Bagagewagen folgt, und selbst die Verpflegungsausgabe f\u00fcr die Treckerfahrer ist genau so wichtig wie das Hinausziehen der Rosenmontagswagen der Vereine und der Mottowagen.<br \/>\nIn kleinen Gruppen werden die Wagen zum Aufstellort geleitet, wo sie dann ihren endg\u00fcltigen Platz zugewiesen bekommen. W\u00e4hrend sich die ersten Zuschauer die Wagen ganz aus der N\u00e4he betrachten k\u00f6nnen, sich die Musikgruppen &#8222;warmspielen&#8220; und damit f\u00fcr gute Stimmung sorgen, w\u00e4hrend die Mitglieder der Vereine sich &#8222;ihren&#8220; Wagen suchen und singend und tanzend die Zeit bis zum Start vertreiben, in dieser Zeit k\u00f6nnen wir Zugleitungsmitglieder noch einmal &#8222;durch schnaufen&#8220;, viele Zuschauer-Fragen beantworten und auf die Information warten: &#8222;Et jeht loss&#8220;.<br \/>\nW\u00e4hrend der Zug &#8222;l\u00e4uft&#8220; ist auch die Aufgabe der Zugleitung, die Geschwindigkeit den Vorgaben\u00a0 des Fernsehens anzupassen, schlie\u00dflich wird der &#8222;Zoch&#8220; live im Fernsehen \u00fcbertragen. Zuschauer, die die Trecker blockieren m\u00fcssen &#8222;mit Gef\u00fchl&#8220; an den Stra\u00dfenrand gedr\u00e4ngt werden, die Trecker um die Ecken f\u00fchren, da ein Gespann &#8211; Trecker und Wagen &#8211; nicht selten 25 Meter und mehr betragen kann, kurzum: auf alles achten, was die Sicherheit der Zuschauer und den reibungslosen Ablauf des Zuges gef\u00e4hrden k\u00f6nnte!<\/p>\n<p>Eine Begebenheit vor l\u00e4ngerer Zeit zum Schmunzeln: Ein Treckerfahrer bog in den Zugweg &#8222;K\u00f6nigsallee&#8220; ein und sah vor lauter Menschen keine Stra\u00dfe mehr. Er stoppte den Trecker und verschwand voller Panik mit den Worten &#8222;da fahre ich nicht durch&#8220;! Was also tuen?! Den Trecker stehen lassen und auf ein Wunder warten? Der Gruppenf\u00fchrer unserer Zugleitung enterte also den Trecker und fuhr ihn so lange weiter, bis eine Abl\u00f6sung durch einen Ersatzfahrer m\u00f6glich war. Es war so einfach, und h\u00e4tte im anderen Fall aber eine gro\u00dfe Auswirkung gehabt.<\/p>\n<p>Der &#8222;Zoch&#8220; zieht mit einer Geschwindigkeit von 2,2 Km und braucht im Normalfall\u00a0 rund 2 Stunden. Danach erfolgt die Aufl\u00f6sung. Wieder eine Situation, in der die Erfahrung und das Fingerspitzengef\u00fchl unserer Zugleitungsmitglieder besonders gefragt sind. Die Mitglieder der Gesellschaftswagen m\u00fcssen diesen bis auf 3 Personen verlassen. Dies kann schon mal mehr oder weniger lange dauern und kann zum Problem werden, denn die n\u00e4chsten Wagen kommen unaufh\u00f6rlich n\u00e4her. Die Musikgruppen werden seitlich aus dem Zugweg gef\u00fchrt, und alle Zugteilnehmer werden vom Rosenmontagszugleiter geb\u00fchrend verabschiedet. Die nun wieder leeren Gesellschafts- und Mottowagen und auch die Bagagewagen fahren zur\u00fcck zur Wagenbauhalle, wo sie auf bestimmte Pl\u00e4tze dirigiert werden. Hier k\u00f6nnen dann z.B. die Musikanlagen u.\u00e4. ab- und ausgebaut werden. Eine schlimme Hektik auf dem gesamten Gel\u00e4nde, von der sich die Mitglieder der Zugleitung in der Regel nicht anstecken lassen. Nach dem Abriss (Dienstag und Mittwoch) der Wagen und dem Umzug in M\u00f6nchengladbach werden die Wagen zum \u201eBauen\u201c alle aus der Halle geholt und wieder in die entsprechenden Positionen in die Halle rangiert.<\/p>\n<p>Es ist nun ca. 19.30 Uhr &#8211; die Gesellschaftswagen stehen alle in der Halle oder in unserem Zelt, die Bagagewagen sind verschlossen in Reih und Glied aufgestellt &#8211; die Hallentore sind verschlossen &#8211; FEIERABEND!!! Die Mitglieder der Zugleitung finden sich in &#8222;Ihrem&#8220; Treff ein und fallen mehr oder weniger schnell auf die St\u00fchle. Rund 15 Stunden Stress, Freude, Spa\u00df und \u00c4rger liegen hinter jedem. Der eine trinkt Kaffe, der andere ein Bierchen oder was Hochprozentiges, jeder schaltet auf seine spezielle Art und Weise ab. Der Vorsitzende der Zugleitung bedankt sich bei allen f\u00fcr die gute Arbeit &#8211; denn das ist sie immer &#8211; und meistens l\u00e4sst sich auch der Rosenmontagszugleiter noch auf ein Bierchen sehen, und sein Dank und Lob, seine Meinung ist uns wichtig und l\u00e4sst uns den Stress f\u00fcr einige Minuten vergessen.<\/p>\n<p>Nun stellt sich zum Schluss die Frage: was sind das f\u00fcr Menschen, die sich diesen Stress antuen,\u00a0\u00a0 damit andere Menschen Freude haben? Man kann es vermutlich nicht in die richtigen Worte fassen, aber die Gesichter zeigen, dass sie auf ihre Art gl\u00fccklich sind&#8230;<\/p>\n","protected":false},"excerpt":{"rendered":"<p>Eine der h\u00e4ufigsten Fragen bez\u00fcglich der Zugleitung im Freundes- und Bekanntenkreis lautet: &#8222;Was macht die Zugleitung denn \u00fcberhaupt?&#8220; Wir haben nichts mit den Z\u00fcgen der Deutschen Bahn oder Lastz\u00fcgen zu tun. Unsere Aufgaben beziehen sich auch nicht ausschlie\u00dflich auf den Rosenmontagszug im D\u00fcsseldorfer Karneval! Zum Beispiel beim NRW-Fest 2007 in D\u00fcsseldorf wie auch 2008 in&hellip; <br \/> <a class=\"button small blue\" href=\"https:\/\/zugleitung-duesseldorf.de\/index.php\/ueber-uns\/aufgaben\/\">Weiterlesen<\/a><\/p>\n","protected":false},"author":1,"featured_media":0,"parent":47,"menu_order":1,"comment_status":"closed","ping_status":"closed","template":"","meta":{"footnotes":""},"categories":[5],"tags":[],"class_list":["post-51","page","type-page","status-publish","hentry","category-ueber-uns"],"_links":{"self":[{"href":"https:\/\/zugleitung-duesseldorf.de\/index.php\/wp-json\/wp\/v2\/pages\/51","targetHints":{"allow":["GET"]}}],"collection":[{"href":"https:\/\/zugleitung-duesseldorf.de\/index.php\/wp-json\/wp\/v2\/pages"}],"about":[{"href":"https:\/\/zugleitung-duesseldorf.de\/index.php\/wp-json\/wp\/v2\/types\/page"}],"author":[{"embeddable":true,"href":"https:\/\/zugleitung-duesseldorf.de\/index.php\/wp-json\/wp\/v2\/users\/1"}],"replies":[{"embeddable":true,"href":"https:\/\/zugleitung-duesseldorf.de\/index.php\/wp-json\/wp\/v2\/comments?post=51"}],"version-history":[{"count":1,"href":"https:\/\/zugleitung-duesseldorf.de\/index.php\/wp-json\/wp\/v2\/pages\/51\/revisions"}],"predecessor-version":[{"id":52,"href":"https:\/\/zugleitung-duesseldorf.de\/index.php\/wp-json\/wp\/v2\/pages\/51\/revisions\/52"}],"up":[{"embeddable":true,"href":"https:\/\/zugleitung-duesseldorf.de\/index.php\/wp-json\/wp\/v2\/pages\/47"}],"wp:attachment":[{"href":"https:\/\/zugleitung-duesseldorf.de\/index.php\/wp-json\/wp\/v2\/media?parent=51"}],"wp:term":[{"taxonomy":"category","embeddable":true,"href":"https:\/\/zugleitung-duesseldorf.de\/index.php\/wp-json\/wp\/v2\/categories?post=51"},{"taxonomy":"post_tag","embeddable":true,"href":"https:\/\/zugleitung-duesseldorf.de\/index.php\/wp-json\/wp\/v2\/tags?post=51"}],"curies":[{"name":"wp","href":"https:\/\/api.w.org\/{rel}","templated":true}]}}